{"id":123,"date":"2018-12-05T20:03:44","date_gmt":"2018-12-05T20:03:44","guid":{"rendered":"http:\/\/matthias-haenisch.de\/?page_id=123"},"modified":"2023-12-01T11:15:33","modified_gmt":"2023-12-01T11:15:33","slug":"impressum","status":"publish","type":"page","link":"http:\/\/matthias-haenisch.de\/?page_id=123","title":{"rendered":"Impressum"},"content":{"rendered":"<header class=\"entry-header\">\n<h1 class=\"entry-title\">Datenschutz<\/h1>\n<\/header>\n<div class=\"entry-content\">\n<h2>Datenschutzerkl\u00e4rung f\u00fcr diese Homepage<\/h2>\n<p>Verantwortlich f\u00fcr die\u00a0Homepage:<br \/>\nMatthias Haenisch \u2013 Raabestr. 14 \u2013 10405 Berlin \u2013 <span style=\"color: #000000;\">mail[at]matthias-haenisch.de<\/span><br \/>\nDiese Homepage ist gehostet bei:<br \/>\n<a href=\"https:\/\/www.strato.de\/\" target=\"_blank\" rel=\"noopener\">STRATO <\/a><\/p>\n<p><b>Daten\u00fcbermittlung und Protokollierung beim Besuch dieser Homepage<\/b><br \/>\n(Verbindungsdaten\/Server-Logfiles)<br \/>\nF\u00fcr den Besuch dieser Web-Site ist keine aktive Angabe personenbezogener Daten n\u00f6tig.<br \/>\nBei dem Besuch eines Web-Auftritts \u2013 so auch dieser Homepage \u2013 \u00fcbermittelt Ihr Browser automatisch sogenannte Log-Files an den Web-Server, bei dem diese Homepage gehostet ist.<br \/>\nDiese Logdaten enthalten:<br \/>\nBrowsertyp und Browserversion, Betriebssystem, Referrer URL (Wenn Sie \u00fcber einen Link auf einer anderen Website auf diese HP gekommen sind, wird die URL der anderen Website \u00fcbermittelt.), IP-Adresse, Zugriffsdatum und Uhrzeit der Serveranfrage. Diese Daten k\u00f6nnen vom Homepage-Betreiber nicht auf reale Personen zur\u00fcck gef\u00fchrt werden.<\/p>\n<p><b>Wer hat Einsicht in die Log-Daten?<\/b><br \/>\nDiese Daten k\u00f6nnen nur von der Administration der Homepage und von der Administration des Servers eingesehen werden.<br \/>\nF\u00fcr die Darstellung der Statistik der Besucherzahlen dieser Homepage wird die IP-Adresse vom Server-Anbieter f\u00fcr den Kunden (die Betreiberin dieser Homepage) anonymisiert.<\/p>\n<p><b>Wie lange werden die Daten gespeichert?<\/b><br \/>\nDer Server-Anbieter speichert die IP-Adressen der Besucher dieser Homepage maximal 7 Tage.<\/p>\n<p><b>Cookies, Google-Analytics, Social-Media-Plugins <\/b><br \/>\nEs werden auf dieser Homepge weder cookies noch Social-Media-Plugins oder Google-Analytics verwendet.<\/p>\n<p><b>Links auf dieser Homepage<\/b><br \/>\nF\u00fcr Links zu externen Websites Dritter kann von der Betreiberin der Homepage keine Gew\u00e4hr \u00fcbernommen werden. F\u00fcr die Inhalte und den Datenschutz sind die Anbietenden der jeweiligen Websites verantwortlich. Die verlinkten Seiten werden zum Zeitpunkt der Verlinkung auf m\u00f6gliche Rechtsverst\u00f6\u00dfe und G\u00fcltigkeit \u00fcberpr\u00fcft. Dies kann jedoch nicht laufend kontrolliert werden. Wenn eine Rechtsverletzung bekannt wird, wird der entsprechende Link umgehend entfernt.<\/p>\n<p><b>Auskunft\/Berichtigung\/L\u00f6schung<\/b><br \/>\nF\u00fcr Fragen bez\u00fcglich der Logfiles steht Ihnen der\u00a0Verantwortliche der Homepage gern zur Verf\u00fcgung. Bitte wenden Sie sich in diesem Fall schriftlich an ihn.<br \/>\nF\u00fcr die vorzeitige L\u00f6schung der Logfiles oder IPs (also vor Ablauf der 7 Tage, nach denen sie sowieso gel\u00f6scht werden) gelten die Datenschutzbestimmungen von Strato.<br \/>\nEs muss in dem Fall dann nachgewiesen werden, dass die entsprechende IP auch wirklich auf Sie verweist.<br \/>\n<a href=\"https:\/\/www.strato.de\/datenschutz\/\" target=\"_blank\" rel=\"noopener\">Datenschutzerkl\u00e4rung von STRATO<\/a><\/p>\n<p><b>\u00c4nderungen der Datenschutzbestimmungen<\/b><br \/>\nDie Richtlinien zum Schutz Ihrer pers\u00f6nlichen Daten werden gegebenenfalls aktualisiert. Daher ist es m\u00f6glich, dass sich diese Datenschutzerkl\u00e4rung von Zeit zu Zeit \u00e4ndert.<\/p>\n<\/div>\n","protected":false},"excerpt":{"rendered":"<p>Datenschutz Datenschutzerkl\u00e4rung f\u00fcr diese Homepage Verantwortlich f\u00fcr die\u00a0Homepage: Matthias Haenisch \u2013 Raabestr. 14 \u2013 10405 Berlin \u2013 mail[at]matthias-haenisch.de Diese Homepage ist gehostet bei: STRATO Daten\u00fcbermittlung [&hellip;]<\/p>\n","protected":false},"author":1,"featured_media":0,"parent":0,"menu_order":4,"comment_status":"closed","ping_status":"closed","template":"","meta":{"saved_in_kubio":false,"footnotes":""},"class_list":["post-123","page","type-page","status-publish","hentry"],"kubio_ai_page_context":{"short_desc":"","purpose":"general"},"_links":{"self":[{"href":"http:\/\/matthias-haenisch.de\/index.php?rest_route=\/wp\/v2\/pages\/123","targetHints":{"allow":["GET"]}}],"collection":[{"href":"http:\/\/matthias-haenisch.de\/index.php?rest_route=\/wp\/v2\/pages"}],"about":[{"href":"http:\/\/matthias-haenisch.de\/index.php?rest_route=\/wp\/v2\/types\/page"}],"author":[{"embeddable":true,"href":"http:\/\/matthias-haenisch.de\/index.php?rest_route=\/wp\/v2\/users\/1"}],"replies":[{"embeddable":true,"href":"http:\/\/matthias-haenisch.de\/index.php?rest_route=%2Fwp%2Fv2%2Fcomments&post=123"}],"version-history":[{"count":6,"href":"http:\/\/matthias-haenisch.de\/index.php?rest_route=\/wp\/v2\/pages\/123\/revisions"}],"predecessor-version":[{"id":1495,"href":"http:\/\/matthias-haenisch.de\/index.php?rest_route=\/wp\/v2\/pages\/123\/revisions\/1495"}],"wp:attachment":[{"href":"http:\/\/matthias-haenisch.de\/index.php?rest_route=%2Fwp%2Fv2%2Fmedia&parent=123"}],"curies":[{"name":"wp","href":"https:\/\/api.w.org\/{rel}","templated":true}]}}